{"id":3412,"date":"2023-03-20T07:19:19","date_gmt":"2023-03-20T06:19:19","guid":{"rendered":"https:\/\/schultz.de\/ratgeber\/?page_id=3412"},"modified":"2023-03-20T07:39:58","modified_gmt":"2023-03-20T06:39:58","slug":"haftungsausschluss-gesundheit","status":"publish","type":"page","link":"https:\/\/schultz.de\/ratgeber\/haftungsausschluss-gesundheit\/","title":{"rendered":"Haftungsausschluss Gesundheit"},"content":{"rendered":"<div class=\"fusion-fullwidth fullwidth-box fusion-builder-row-1 fusion-flex-container nonhundred-percent-fullwidth non-hundred-percent-height-scrolling\" style=\"--awb-border-radius-top-left:0px;--awb-border-radius-top-right:0px;--awb-border-radius-bottom-right:0px;--awb-border-radius-bottom-left:0px;--awb-flex-wrap:wrap;\" ><div class=\"fusion-builder-row fusion-row fusion-flex-align-items-flex-start fusion-flex-content-wrap\" style=\"max-width:1248px;margin-left: calc(-4% \/ 2 );margin-right: calc(-4% \/ 2 );\"><div class=\"fusion-layout-column fusion_builder_column fusion-builder-column-0 fusion_builder_column_1_1 1_1 fusion-flex-column\" style=\"--awb-bg-size:cover;--awb-width-large:100%;--awb-margin-top-large:0px;--awb-spacing-right-large:1.92%;--awb-margin-bottom-large:20px;--awb-spacing-left-large:1.92%;--awb-width-medium:100%;--awb-order-medium:0;--awb-spacing-right-medium:1.92%;--awb-spacing-left-medium:1.92%;--awb-width-small:100%;--awb-order-small:0;--awb-spacing-right-small:1.92%;--awb-spacing-left-small:1.92%;\"><div class=\"fusion-column-wrapper fusion-column-has-shadow fusion-flex-justify-content-flex-start fusion-content-layout-column\"><div class=\"fusion-title title fusion-title-1 fusion-sep-none fusion-title-text fusion-title-size-one\"><h1 class=\"fusion-title-heading title-heading-left fusion-responsive-typography-calculated\" style=\"margin:0;--fontSize:53;line-height:1.1;\">Health Disclaimer und Haftungsausschluss Schultz.de<\/h1><\/div><div class=\"fusion-text fusion-text-1\" style=\"--awb-text-transform:none;\"><p>Stand: M\u00e4rz 2023<\/p>\n<ol>\n<li>\n<h4>Haftungsausschluss<\/h4>\n<\/li>\n<\/ol>\n<p>Die auf diesen Seiten gegebenen Erfahrungen geben nur die Meinung des Verfassers wieder. Sie stellen keinen medizinischen Rat dar und dienen ausschlie\u00dflich der neutralen Information und allgemeinen Weiterbildung.<\/p>\n<p>Eine Anwendung der angegebenen Informationen erfolgt immer auf eigene Gefahr, Entscheidung und Verantwortung. Diese Seite soll niemanden dazu beeinflussen oder manipulieren, die hier gegebenen Informationen blindlings auf sich zu beziehen und bezeichnete Stoffe zu nutzen.<\/p>\n<p>Der Autor haftet ausdr\u00fccklich nicht f\u00fcr etwaige Sch\u00e4den, die aus der Anwendung der hier gegebenen Informationen und Erfahrungen entstehen k\u00f6nnen. Es werden keine vollst\u00e4ndigen, sondern nur klinisch bedeutende Informationen aufgef\u00fchrt. Die Kenntnisse in der Medizin unterliegen einem st\u00e4ndigen Wandel durch wissenschaftliche Forschung und Entwicklung in der medizinischen Praxis.<\/p>\n<p>Unsere Autoren und \u00e4rztlichen Experten verwenden gr\u00f6\u00dfte Sorgfalt darauf, medizinische Informationen korrekt und in einer auch f\u00fcr Laien verst\u00e4ndlichen Form darzustellen. Weder die Schultz GmbH &amp; Co. KG, noch einzelne Autoren und Redakteure \u00fcbernehmen Gew\u00e4hrleistung f\u00fcr die Vollst\u00e4ndigkeit, Richtigkeit, Genauigkeit und Aktualit\u00e4t s\u00e4mtlicher Inhalte auf den Webseiten von Schultz.<\/p>\n<p>Haftungsanspr\u00fcche jedweder Art sind ausgeschlossen. Jeder Mensch ist f\u00fcr das, was er tut, selbst verantwortlich.<\/p>\n<p>F\u00fcr den medizinischen Rat und bei Verdacht auf Erkrankungen wenden Sie sich an Ihren Heilpraktiker, Arzt oder Psychotherapeuten. Dies gilt umso mehr, wenn Sie Tipps unserer Webseite befolgen, die K\u00f6rperregionen mit m\u00f6glichen Vorerkrankungen und Vorsch\u00e4den betreffen. Die hier dargestellten Inhalte stellen keine Empfehlung oder Bewerbung der beschriebenen oder erw\u00e4hnten diagnostischen Methoden, Behandlungen oder Arzneimittel dar. Der Text erhebt weder einen Anspruch auf Vollst\u00e4ndigkeit noch kann die Aktualit\u00e4t, Richtigkeit und Ausgewogenheit der dargebotenen Information garantiert werden. Der Text ersetzt keinesfalls die fachliche Beratung durch einen Arzt oder Apotheker und er darf nicht als Grundlage zur eigenst\u00e4ndigen Diagnose und Beginn, \u00c4nderung oder Beendigung einer Behandlung von Krankheiten verwendet werden. Konsultieren Sie bei gesundheitlichen Fragen oder Beschwerden immer den Arzt Ihres Vertrauens!<\/p>\n<ol start=\"2\">\n<li>\n<h4>Medizinische Inhalte auf Schultz.de<\/h4>\n<\/li>\n<\/ol>\n<p>Viele Artikel dieser Homepage beruhen auf zahlreichen Online-Recherchen nach bestem Wissen und Gewissen. Sie erheben keinen Anspruch auf Vollst\u00e4ndigkeit und Exklusivit\u00e4t. Die Aussagen darin sind keine Therapievorschl\u00e4ge und aus den Schlussfolgerungen k\u00f6nnen keine Heilversprechen abgeleitet werden.<\/p>\n<p>Es k\u00f6nnen keine Ferndiagnosen und Therapievorschl\u00e4ge f\u00fcr den Einzelfall gestellt werden. Die bereitgestellten Informationen und Inhalte dienen der allgemeinen unverbindlichen Unterst\u00fctzung des Ratsuchenden. Die Ausk\u00fcnfte der jeweiligen Experten ersetzen nicht den Arztbesuch, sie k\u00f6nnen aber den Dialog zwischen Patient und Arzt sinnvoll erg\u00e4nzen und unterst\u00fctzen.<\/p>\n<p>Schultz leistet keine Beratung, Empfehlung oder Aufforderung im Hinblick auf den Kauf und\/oder die Anwendung von Medikamenten, sonstigen Gesundheitsprodukten, Diagnose- oder Therapieverfahren. Eine einzige Ausnahme bilden die durch Schultz selbst angebotenen Waren.<\/p>\n<p>Weiterhin warnen wir vor Selbstmedikation. Die von Schultz zur Verf\u00fcgung gestellten Inhalte k\u00f6nnen und d\u00fcrfen nicht zur Erstellung eigenst\u00e4ndiger Diagnosen und\/oder einer eigenst\u00e4ndigen Auswahl und Anwendung bzw. Ver\u00e4nderung oder Absetzung von Medikamenten, sonstigen Gesundheitsprodukten oder Heilungsverfahren verwendet werden. Bitte fragen Sie hierzu immer Ihren Arzt oder Apotheker!<\/p>\n<ol start=\"3\">\n<li>\n<h4>Kein Vertragsschluss<\/h4>\n<\/li>\n<\/ol>\n<p>Mit Benutzung des Internetangebotes Schultz.de kommt kein Vertragsverh\u00e4ltnis, insbesondere kein Rat- oder Auskunftsvertrag zwischen Ihnen und der Schultz GmbH &amp; Co. KG zustande. Insofern ergeben sich also keinerlei vertragliche oder quasivertragliche Anspr\u00fcche gegen die Schultz GmbH &amp; Co. KG.<\/p>\n<p>Rein vorsorglich f\u00fcr den Fall, dass die Nutzung unserer Websites trotz der entgegenstehenden obigen Klausel doch zu einem Vertragsschluss f\u00fchren sollte, wird hiermit die Haftung der Schultz GmbH &amp; Co. KG \u2013 gleich aus welchen Rechtsgr\u00fcnden \u2013 f\u00fcr jegliche Sch\u00e4den, die nicht auf der Verletzung der vertragswesentlichen Pflichten (sog. Kardinalpflichten), oder auf vors\u00e4tzlicher oder grob fahrl\u00e4ssiger Pflichtverletzung der Schultz GmbH &amp; Co. KG oder eines ihrer Erf\u00fcllungsgehilfen beruhen, ausgeschlossen.<br \/>\nDie Schultz GmbH &amp; Co. KG \u00fcbernimmt in jedem Fall weder eine Haftung f\u00fcr Ungenauigkeiten und Fehler noch f\u00fcr fehlende oder nicht aktuelle Informationen oder deren fehlerhafte \u00dcbermittlung, noch f\u00fcr hieraus entstehende Sch\u00e4den. Eine Haftung f\u00fcr die Funktionsf\u00e4higkeit der angebotenen Dienste und f\u00fcr aus einer mangelnden Funktionsf\u00e4higkeit entstehende Sch\u00e4den kann ebenfalls nicht \u00fcbernommen werden. Insbesondere \u00fcbernimmt die Schultz GmbH &amp; Co. KG keine Haftung f\u00fcr Ereignisse, die auf h\u00f6herer Gewalt beruhen.<\/p>\n<p>Die Schultz GmbH &amp; Co. KG ist berechtigt, die Inhalte ihrer Websites nach eigenem Ermessen und ohne \u00dcbernahme einer Haftung jederzeit ohne Ank\u00fcndigung ganz oder teilweise zu ver\u00e4ndern, zu erg\u00e4nzen, zu l\u00f6schen oder deren Betrieb zeitweise oder endg\u00fcltig einzustellen.<\/p>\n<p>Links zu anderen Webseiten:<\/p>\n<p>Diese Website enth\u00e4lt Verkn\u00fcpfungen zu Websites Dritter (\u201cexterne Links\u201d). Diese Websites unterliegen der Haftung der jeweiligen Betreiber.<\/p>\n<p>Der Anbieter hat bei der erstmaligen Verkn\u00fcpfung der externen Links die fremden Inhalte daraufhin \u00fcberpr\u00fcft, ob etwaige Rechtsverst\u00f6\u00dfe bestehen. Zu dem Zeitpunkt waren keine Rechtsverst\u00f6\u00dfe ersichtlich (anderenfalls kommt es nicht zu einer Verkn\u00fcpfung). Der Anbieter hat keinerlei Einfluss auf die aktuelle und zuk\u00fcnftige Gestaltung und auf die Inhalte der verkn\u00fcpften Seiten. Das Setzen von externen Links bedeutet nicht, dass sich der Anbieter die hinter dem Verweis oder Link liegenden Inhalte zu Eigen macht. Eine st\u00e4ndige Kontrolle der externen Links ist f\u00fcr den Anbieter ohne konkrete Hinweise auf Rechtsverst\u00f6\u00dfe nicht zumutbar. Bei Kenntnis von Rechtsverst\u00f6\u00dfen werden jedoch derartige externe Links unverz\u00fcglich gel\u00f6scht.<\/p>\n<p>Bitte melden Sie entsprechende Rechtsverst\u00f6\u00dfe auf externen Links an vertrieb@Schultz.de!<\/p>\n<ol start=\"4\">\n<li>\n<h4>Fremdinhalte<\/h4>\n<\/li>\n<\/ol>\n<p>Schultz bietet Gelegenheiten zum Meinungsaustausch \u00fcber Kommentare unter den Blogartikeln, sowie unter den YouTube Videos, die auf Schultz eingebunden werden. Dies er\u00f6ffnet auch die M\u00f6glichkeit, Fragen an betreuende Redakteure zu richten.<\/p>\n<p>Schultz beh\u00e4lt sich vor, Beitr\u00e4ge zu bearbeiten oder zu entfernen. Auch an dieser Stelle m\u00f6chten wir noch einmal darauf hinweisen, dass die Schultz GmbH &amp; Co. KG sowie die jeweiligen Betreuer der Inhalte keinerlei Haftung f\u00fcr die Inhalte der Beitr\u00e4ge sowie der erteilten Ausk\u00fcnfte, insbesondere nicht f\u00fcr deren Richtigkeit oder Vollst\u00e4ndigkeit, \u00fcbernimmt.<\/p>\n<p>Die Meinungen und Einsch\u00e4tzungen, die in den auf den Internetseiten von Schultz bereitgestellten Beitr\u00e4gen zu medizinischen Inhalten und\/oder Diskussionsforen enthalten sind, entsprechen nicht in jedem Fall der Meinung von Schultz. Schultz beh\u00e4lt sich das Recht auf jederzeitige unangek\u00fcndigte \u00c4nderung vor.<\/p>\n<ol start=\"5\">\n<li>\n<h4>Leistungs- und Schutzrechte<\/h4>\n<\/li>\n<\/ol>\n<p>Die auf dieser Website ver\u00f6ffentlichten Inhalte unterliegen dem Urheber- und Leistungsschutzrecht. Jede vom Urheber- und Leistungsschutzrecht nicht zugelassene Verwertung bedarf der vorherigen schriftlichen Zustimmung des Anbieters oder jeweiligen Rechteinhabers. Dies gilt insbesondere f\u00fcr Vervielf\u00e4ltigung, Bearbeitung, \u00dcbersetzung, Einspeicherung, Verarbeitung bzw. Wiedergabe von Inhalten in Datenbanken oder anderen elektronischen Medien und Systemen. Inhalte und Rechte Dritter sind dabei als solche gekennzeichnet.<\/p>\n<p>Die unerlaubte Vervielf\u00e4ltigung oder Weitergabe einzelner Inhalte oder kompletter Seiten ist nicht gestattet und strafbar. Lediglich die Herstellung von Kopien und Downloads f\u00fcr den pers\u00f6nlichen, privaten und nicht kommerziellen Gebrauch ist erlaubt.<\/p>\n<p>Die Darstellung der Website in fremden Frames ist nur mit schriftlicher Erlaubnis zul\u00e4ssig.<\/p>\n<ol start=\"6\">\n<li>\n<h4>Rechtswirksamkeit der Nutzungsbedingungen<\/h4>\n<\/li>\n<\/ol>\n<p>Durch Nutzung dieser Inhalte unterliegt der Nutzer den gegenst\u00e4ndlichen Nutzungsbedingungen. Sofern Teile oder einzelne Formulierungen der Bedingungen der geltenden Rechtslage nicht, nicht mehr oder nicht vollst\u00e4ndig entsprechen sollten, bleiben die \u00fcbrigen Teile der in ihrem Inhalt und ihrer G\u00fcltigkeit davon unber\u00fchrt. An die Stelle der unwirksamen oder undurchf\u00fchrbaren Bestimmung soll diejenige wirksame und durchf\u00fchrbare Regelung treten, deren Wirkungen der Zielsetzung am n\u00e4chsten kommen.<\/p>\n<\/div><\/div><\/div><\/div><\/div>\n","protected":false},"excerpt":{"rendered":"","protected":false},"author":2,"featured_media":0,"parent":0,"menu_order":0,"comment_status":"closed","ping_status":"closed","template":"","meta":{"_acf_changed":false,"footnotes":""},"class_list":["post-3412","page","type-page","status-publish","hentry"],"acf":[],"yoast_head":"<!-- This site is optimized with the Yoast SEO plugin v26.5 - https:\/\/yoast.com\/wordpress\/plugins\/seo\/ -->\n<title>Haftungsausschluss Gesundheit - Schultz Ratgeber<\/title>\n<meta name=\"robots\" content=\"index, follow, max-snippet:-1, max-image-preview:large, max-video-preview:-1\" \/>\n<link rel=\"canonical\" href=\"https:\/\/schultz.de\/ratgeber\/haftungsausschluss-gesundheit\/\" \/>\n<meta property=\"og:locale\" content=\"de_DE\" \/>\n<meta property=\"og:type\" content=\"article\" \/>\n<meta property=\"og:title\" content=\"Haftungsausschluss Gesundheit - Schultz Ratgeber\" \/>\n<meta property=\"og:url\" content=\"https:\/\/schultz.de\/ratgeber\/haftungsausschluss-gesundheit\/\" \/>\n<meta property=\"og:site_name\" content=\"Schultz Ratgeber\" \/>\n<meta property=\"article:publisher\" content=\"https:\/\/www.facebook.com\/schultz.de\/\" \/>\n<meta property=\"article:modified_time\" content=\"2023-03-20T06:39:58+00:00\" \/>\n<script type=\"application\/ld+json\" class=\"yoast-schema-graph\">{\"@context\":\"https:\/\/schema.org\",\"@graph\":[{\"@type\":\"WebPage\",\"@id\":\"https:\/\/schultz.de\/ratgeber\/haftungsausschluss-gesundheit\/\",\"url\":\"https:\/\/schultz.de\/ratgeber\/haftungsausschluss-gesundheit\/\",\"name\":\"Haftungsausschluss Gesundheit - Schultz Ratgeber\",\"isPartOf\":{\"@id\":\"https:\/\/schultz.de\/ratgeber\/#website\"},\"datePublished\":\"2023-03-20T06:19:19+00:00\",\"dateModified\":\"2023-03-20T06:39:58+00:00\",\"breadcrumb\":{\"@id\":\"https:\/\/schultz.de\/ratgeber\/haftungsausschluss-gesundheit\/#breadcrumb\"},\"inLanguage\":\"de\",\"potentialAction\":[{\"@type\":\"ReadAction\",\"target\":[\"https:\/\/schultz.de\/ratgeber\/haftungsausschluss-gesundheit\/\"]}]},{\"@type\":\"BreadcrumbList\",\"@id\":\"https:\/\/schultz.de\/ratgeber\/haftungsausschluss-gesundheit\/#breadcrumb\",\"itemListElement\":[{\"@type\":\"ListItem\",\"position\":1,\"name\":\"Home\",\"item\":\"https:\/\/schultz.de\/ratgeber\/\"},{\"@type\":\"ListItem\",\"position\":2,\"name\":\"Haftungsausschluss Gesundheit\"}]},{\"@type\":\"WebSite\",\"@id\":\"https:\/\/schultz.de\/ratgeber\/#website\",\"url\":\"https:\/\/schultz.de\/ratgeber\/\",\"name\":\"SCHULTZ Ratgeber\",\"description\":\"\",\"publisher\":{\"@id\":\"https:\/\/schultz.de\/ratgeber\/#organization\"},\"potentialAction\":[{\"@type\":\"SearchAction\",\"target\":{\"@type\":\"EntryPoint\",\"urlTemplate\":\"https:\/\/schultz.de\/ratgeber\/?s={search_term_string}\"},\"query-input\":{\"@type\":\"PropertyValueSpecification\",\"valueRequired\":true,\"valueName\":\"search_term_string\"}}],\"inLanguage\":\"de\"},{\"@type\":\"Organization\",\"@id\":\"https:\/\/schultz.de\/ratgeber\/#organization\",\"name\":\"SCHULTZ\",\"url\":\"https:\/\/schultz.de\/ratgeber\/\",\"logo\":{\"@type\":\"ImageObject\",\"inLanguage\":\"de\",\"@id\":\"https:\/\/schultz.de\/ratgeber\/#\/schema\/logo\/image\/\",\"url\":\"\",\"contentUrl\":\"\",\"caption\":\"SCHULTZ\"},\"image\":{\"@id\":\"https:\/\/schultz.de\/ratgeber\/#\/schema\/logo\/image\/\"},\"sameAs\":[\"https:\/\/www.facebook.com\/schultz.de\/\",\"https:\/\/www.linkedin.com\/company\/schultz-moebel\/\",\"https:\/\/www.instagram.com\/schultz_bueromoebel\/\",\"https:\/\/www.youtube.com\/user\/SchultzEinrichtungen\"]}]}<\/script>\n<!-- \/ Yoast SEO plugin. -->","yoast_head_json":{"title":"Haftungsausschluss Gesundheit - Schultz Ratgeber","robots":{"index":"index","follow":"follow","max-snippet":"max-snippet:-1","max-image-preview":"max-image-preview:large","max-video-preview":"max-video-preview:-1"},"canonical":"https:\/\/schultz.de\/ratgeber\/haftungsausschluss-gesundheit\/","og_locale":"de_DE","og_type":"article","og_title":"Haftungsausschluss Gesundheit - Schultz Ratgeber","og_url":"https:\/\/schultz.de\/ratgeber\/haftungsausschluss-gesundheit\/","og_site_name":"Schultz Ratgeber","article_publisher":"https:\/\/www.facebook.com\/schultz.de\/","article_modified_time":"2023-03-20T06:39:58+00:00","schema":{"@context":"https:\/\/schema.org","@graph":[{"@type":"WebPage","@id":"https:\/\/schultz.de\/ratgeber\/haftungsausschluss-gesundheit\/","url":"https:\/\/schultz.de\/ratgeber\/haftungsausschluss-gesundheit\/","name":"Haftungsausschluss Gesundheit - Schultz Ratgeber","isPartOf":{"@id":"https:\/\/schultz.de\/ratgeber\/#website"},"datePublished":"2023-03-20T06:19:19+00:00","dateModified":"2023-03-20T06:39:58+00:00","breadcrumb":{"@id":"https:\/\/schultz.de\/ratgeber\/haftungsausschluss-gesundheit\/#breadcrumb"},"inLanguage":"de","potentialAction":[{"@type":"ReadAction","target":["https:\/\/schultz.de\/ratgeber\/haftungsausschluss-gesundheit\/"]}]},{"@type":"BreadcrumbList","@id":"https:\/\/schultz.de\/ratgeber\/haftungsausschluss-gesundheit\/#breadcrumb","itemListElement":[{"@type":"ListItem","position":1,"name":"Home","item":"https:\/\/schultz.de\/ratgeber\/"},{"@type":"ListItem","position":2,"name":"Haftungsausschluss Gesundheit"}]},{"@type":"WebSite","@id":"https:\/\/schultz.de\/ratgeber\/#website","url":"https:\/\/schultz.de\/ratgeber\/","name":"SCHULTZ Ratgeber","description":"","publisher":{"@id":"https:\/\/schultz.de\/ratgeber\/#organization"},"potentialAction":[{"@type":"SearchAction","target":{"@type":"EntryPoint","urlTemplate":"https:\/\/schultz.de\/ratgeber\/?s={search_term_string}"},"query-input":{"@type":"PropertyValueSpecification","valueRequired":true,"valueName":"search_term_string"}}],"inLanguage":"de"},{"@type":"Organization","@id":"https:\/\/schultz.de\/ratgeber\/#organization","name":"SCHULTZ","url":"https:\/\/schultz.de\/ratgeber\/","logo":{"@type":"ImageObject","inLanguage":"de","@id":"https:\/\/schultz.de\/ratgeber\/#\/schema\/logo\/image\/","url":"","contentUrl":"","caption":"SCHULTZ"},"image":{"@id":"https:\/\/schultz.de\/ratgeber\/#\/schema\/logo\/image\/"},"sameAs":["https:\/\/www.facebook.com\/schultz.de\/","https:\/\/www.linkedin.com\/company\/schultz-moebel\/","https:\/\/www.instagram.com\/schultz_bueromoebel\/","https:\/\/www.youtube.com\/user\/SchultzEinrichtungen"]}]}},"_links":{"self":[{"href":"https:\/\/schultz.de\/ratgeber\/wp-json\/wp\/v2\/pages\/3412","targetHints":{"allow":["GET"]}}],"collection":[{"href":"https:\/\/schultz.de\/ratgeber\/wp-json\/wp\/v2\/pages"}],"about":[{"href":"https:\/\/schultz.de\/ratgeber\/wp-json\/wp\/v2\/types\/page"}],"author":[{"embeddable":true,"href":"https:\/\/schultz.de\/ratgeber\/wp-json\/wp\/v2\/users\/2"}],"replies":[{"embeddable":true,"href":"https:\/\/schultz.de\/ratgeber\/wp-json\/wp\/v2\/comments?post=3412"}],"version-history":[{"count":0,"href":"https:\/\/schultz.de\/ratgeber\/wp-json\/wp\/v2\/pages\/3412\/revisions"}],"wp:attachment":[{"href":"https:\/\/schultz.de\/ratgeber\/wp-json\/wp\/v2\/media?parent=3412"}],"curies":[{"name":"wp","href":"https:\/\/api.w.org\/{rel}","templated":true}]}}